{"id":2,"date":"2026-02-10T15:40:23","date_gmt":"2026-02-10T15:40:23","guid":{"rendered":"http:\/\/cabinetinfmourier.fr\/?page_id=2"},"modified":"2026-02-11T18:27:41","modified_gmt":"2026-02-11T17:27:41","slug":"sample-page","status":"publish","type":"page","link":"http:\/\/cabinetinfmourier.fr\/","title":{"rendered":"Accueil"},"content":{"rendered":"\n<p>Cabinet infirmier \u00e0 Saint-Laurent-la-Vern\u00e8de (30330), situ\u00e9 14 place des Platanes, proposant des soins infirmiers au cabinet et \u00e0 domicile, sur prescription m\u00e9dicale. <\/p>\n\n\n\n<p>Les soins sont assur\u00e9s dans le respect des r\u00e8gles professionnelles : pansements, injections, prises de sang, suivi de traitements, soins courants infirmiers. <\/p>\n\n\n\n<p>Les interventions \u00e0 domicile concernent Saint-Laurent-la-Vern\u00e8de et les communes voisines : Fontar\u00e8ches, La Brugui\u00e8re, La Bastide-d\u2019Engras, Pougnadoresse, Le Pin, Aubadiac, Lussan, Belv\u00e9zet.<\/p>\n\n\n\n<p>Accueil au cabinet sur rendez-vous et soins \u00e0 domicile selon les besoins des patients.<\/p>\n\n\n\n<p class=\"has-text-align-left has-text-color has-link-color wp-elements-837409fbb4cc17a161181972d57af3f5\" style=\"color:#ee2f5f\">Appelez moi maintenant au <a href=\"tel:0633016307\"><strong><mark style=\"background-color:#ffffff;color:#e53f68\" class=\"has-inline-color\">06 33 01 63 07<\/mark><\/strong><\/a><mark style=\"background-color:rgba(0, 0, 0, 0);color:#e53f68\" class=\"has-inline-color\"> <\/mark><\/p>\n\n\n\n<p class=\"has-text-align-left has-text-color has-link-color wp-elements-64b9dc045d695f857c291f8d632b4e52\" style=\"color:#ee2f5f\"><a href=\"mailto:candie-mourier@live.fr\"><mark style=\"background-color:#ffffff;color:#ee2f5f\" class=\"has-inline-color\">candie-mourier@live.fr<\/mark><\/a><\/p>\n\n\n\n<p><\/p>\n","protected":false},"excerpt":{"rendered":"<p>Cabinet infirmier \u00e0 Saint-Laurent-la-Vern\u00e8de (30330), situ\u00e9 14 place des Platanes, proposant des soins infirmiers au &hellip; <\/p>\n","protected":false},"author":1,"featured_media":0,"parent":0,"menu_order":0,"comment_status":"closed","ping_status":"open","template":"","meta":{"footnotes":""},"class_list":["post-2","page","type-page","status-publish","hentry","latest_post"],"_links":{"self":[{"href":"http:\/\/cabinetinfmourier.fr\/index.php\/wp-json\/wp\/v2\/pages\/2","targetHints":{"allow":["GET"]}}],"collection":[{"href":"http:\/\/cabinetinfmourier.fr\/index.php\/wp-json\/wp\/v2\/pages"}],"about":[{"href":"http:\/\/cabinetinfmourier.fr\/index.php\/wp-json\/wp\/v2\/types\/page"}],"author":[{"embeddable":true,"href":"http:\/\/cabinetinfmourier.fr\/index.php\/wp-json\/wp\/v2\/users\/1"}],"replies":[{"embeddable":true,"href":"http:\/\/cabinetinfmourier.fr\/index.php\/wp-json\/wp\/v2\/comments?post=2"}],"version-history":[{"count":25,"href":"http:\/\/cabinetinfmourier.fr\/index.php\/wp-json\/wp\/v2\/pages\/2\/revisions"}],"predecessor-version":[{"id":75,"href":"http:\/\/cabinetinfmourier.fr\/index.php\/wp-json\/wp\/v2\/pages\/2\/revisions\/75"}],"wp:attachment":[{"href":"http:\/\/cabinetinfmourier.fr\/index.php\/wp-json\/wp\/v2\/media?parent=2"}],"curies":[{"name":"wp","href":"https:\/\/api.w.org\/{rel}","templated":true}]}}